{"id":94,"date":"2021-04-10T18:59:07","date_gmt":"2021-04-10T16:59:07","guid":{"rendered":"http:\/\/leader-aventure.com\/?page_id=94"},"modified":"2021-04-10T18:59:08","modified_gmt":"2021-04-10T16:59:08","slug":"centre-danimation-tout-terrain","status":"publish","type":"page","link":"https:\/\/leader-aventure.com\/index.php\/centre-danimation-tout-terrain\/","title":{"rendered":"Centre d&rsquo;Animation Tout-Terrain"},"content":{"rendered":"\n<p>Le centre d&rsquo;animation tout-terrain et multi activit\u00e9 de Leader Aventure est situ\u00e9 sur un terrain de 4 ha aux portes de Paris. Ce centre est situ\u00e9 \u00e0 30 km de la porte d&rsquo;Orl\u00e9ans ou d&rsquo;Italie. En empruntant l&rsquo;A6, l&rsquo;A10, la RN118 ou l&rsquo;A104, vous aurez l&rsquo;occasion de d\u00e9couvrir une grande ferme du 16\u00e8me si\u00e8cle situ\u00e9e entre Les Ulis et Limours (91) au sud ouest de Paris.<\/p>\n\n\n\n<p>Cette ferme, le Relais de la Benerie, enti\u00e8rement restaur\u00e9e, poss\u00e8de de nombreuses salles qui pourront r\u00e9pondre \u00e0 vos exigences. elles permettent de recevoir jusqu&rsquo;\u00e0 320 personnes avec une restauration sur place. Ce coin de campagne aux portes de la capitale, le plus pr\u00e9s de Paris offre un gain de temps et de budget pour tous vos clients.<\/p>\n\n\n\n<p>Sur ce centre Tout Terrain nous r\u00e9alisons, les lancement des nouveaux mod\u00e8les 4&#215;4 ou SUV des constructeurs, les journ\u00e9es portes ouvertes des concessionnaires, les essais des diff\u00e9rents magazines sp\u00e9cialis\u00e9 Tout Terrain (4&#215;4 &amp; quad).<\/p>\n\n\n\n<p>Tous nos stages professionnels ou particuliers sont r\u00e9alis\u00e9 sur ce domaine.<\/p>\n\n\n\n<p>Vous souhaitez plus de renseignements contactez nous au : 06-15-04-43-01<\/p>\n","protected":false},"excerpt":{"rendered":"<p>Le centre d&rsquo;animation tout-terrain et multi activit\u00e9 de Leader Aventure est situ\u00e9 sur un terrain de 4 ha aux portes<\/p>\n","protected":false},"author":3,"featured_media":0,"parent":0,"menu_order":0,"comment_status":"closed","ping_status":"closed","template":"","meta":{"colormag_page_container_layout":"default_layout","colormag_page_sidebar_layout":"default_layout","footnotes":""},"class_list":["post-94","page","type-page","status-publish","hentry"],"_links":{"self":[{"href":"https:\/\/leader-aventure.com\/index.php\/wp-json\/wp\/v2\/pages\/94","targetHints":{"allow":["GET"]}}],"collection":[{"href":"https:\/\/leader-aventure.com\/index.php\/wp-json\/wp\/v2\/pages"}],"about":[{"href":"https:\/\/leader-aventure.com\/index.php\/wp-json\/wp\/v2\/types\/page"}],"author":[{"embeddable":true,"href":"https:\/\/leader-aventure.com\/index.php\/wp-json\/wp\/v2\/users\/3"}],"replies":[{"embeddable":true,"href":"https:\/\/leader-aventure.com\/index.php\/wp-json\/wp\/v2\/comments?post=94"}],"version-history":[{"count":1,"href":"https:\/\/leader-aventure.com\/index.php\/wp-json\/wp\/v2\/pages\/94\/revisions"}],"predecessor-version":[{"id":95,"href":"https:\/\/leader-aventure.com\/index.php\/wp-json\/wp\/v2\/pages\/94\/revisions\/95"}],"wp:attachment":[{"href":"https:\/\/leader-aventure.com\/index.php\/wp-json\/wp\/v2\/media?parent=94"}],"curies":[{"name":"wp","href":"https:\/\/api.w.org\/{rel}","templated":true}]}}