{"id":76,"date":"2021-04-10T15:58:53","date_gmt":"2021-04-10T13:58:53","guid":{"rendered":"http:\/\/leader-aventure.com\/?page_id=76"},"modified":"2021-04-10T15:58:54","modified_gmt":"2021-04-10T13:58:54","slug":"formation-professionnelle","status":"publish","type":"page","link":"https:\/\/leader-aventure.com\/index.php\/formation-professionnelle\/","title":{"rendered":"FORMATION PROFESSIONNELLE"},"content":{"rendered":"\n<h3 class=\"wp-block-heading\">A TOUTES LES SOCIETES DU SECTEUR AUTOMOBILE<\/h3>\n\n\n\n<p>&#8211; Constructeurs, pour le d\u00e9veloppement en avant projet de vos futur v\u00e9hicules Tout Terrain et SUV ou pour la pr\u00e9sentation \u00e0 la presse et \u00e0 toutes vos forces de vente sur le terrain.<\/p>\n\n\n\n<p>&#8211; Concessionnaires, pour vos vendeurs afin d&rsquo;avoir des arguments compl\u00e9mentaires pour r\u00e9pondre \u00e0 un client potentiel, la prise en main des v\u00e9hicules SUV et Tout Terrain de vos clients.<\/p>\n\n\n\n<p>&#8211; Consultez nous pour des programmes plus adapt\u00e9s \u00e0 une de vos sp\u00e9cificit\u00e9s et ensemble nous construirons votre programme \u00e0 votre image et au message que vous souhaitez transmettre \u00e0 vos \u00e9quipes de terrain.<\/p>\n\n\n\n<h3 class=\"wp-block-heading\">POUR TOUS LES UTILISATEURS DE VEHICULES TOUT TERRAIN<\/h3>\n\n\n\n<p>Equipementiers, Exploitation P\u00e9troli\u00e8re, G\u00e9ologue, G\u00e9om\u00e8tre, Pompiers, Gendarmerie, Police, S\u00e9curit\u00e9 Civile, SAMU, Exploitant Forestiers, EDF, GDF et tous les secteurs utilisant des v\u00e9hicules 4X4.<\/p>\n\n\n\n<p>La formation professionnelle: <strong>CONDUITE 4X4 EN SECURITE,&nbsp;<\/strong>&nbsp;aux volant de vos tout terrain que vous utilisez tous les jours sur vos chantiers ou d\u00e9placements avec des acc\u00e8s difficiles, en France ou \u00e0 l&rsquo;\u00e9tranger, vous souhaitez impliquer et sensibiliser vos collaborateurs dans la bonne utilisation et en s\u00e9curit\u00e9, de vos tout terrain 4&#215;4 ou SUV, ensemble nous monterons le programme adapt\u00e9s \u00e0 vos besoins quotidiens<\/p>\n\n\n\n<p>Rouler en 4&#215;4, ne pose \u00e0 priori pas de probl\u00e8mes particuliers sur route, m\u00eame si un petit apprentissage est cependant n\u00e9cessaire car la conduite est tout de m\u00eame un peu diff\u00e9rente d&rsquo;une voiture \u00ab\u00a0classique\u00a0\u00bb.<\/p>\n\n\n\n<p>Tout se complique d\u00e8s lors que l&rsquo;on souhaite sortir des routes goudronn\u00e9es. Avec un v\u00e9hicule 4&#215;4 nous pouvons tr\u00e8s vite nous retrouver en situation d\u00e9licate. Il est donc n\u00e9cessaire de conna\u00eetre des techniques pour s&rsquo;en sortir et surtout conna\u00eetre son v\u00e9hicule pour \u00e9valuer les limites de celui-ci.<\/p>\n\n\n\n<p>Leader Aventure vous propose la Formation Professionnelle pour apprendre ces techniques et vous sentir plus \u00e0 l&rsquo;aise en off road.<\/p>\n\n\n\n<p>Les stages de conduite 4&#215;4 se d\u00e9roulent g\u00e9n\u00e9ralement de deux \u00e0 cinq jours sur un terrain adapt\u00e9 : en IDF (91 ou 95), CAHORS (46) Lot, TROYES (10) Aube, VERFEUIL (30) Gard ou au sud de NANTES (44), voir ailleurs sur demande, en France ou \u00e0 l&rsquo;Etranger, avec vos v\u00e9hicules ou avec un v\u00e9hicule \u00e9cole.<\/p>\n\n\n\n<h3 class=\"wp-block-heading\">Le BPJEPS \u00ab SPORT AUTOMOBILE &#8211; Mention Tout Terrain \u00bb<\/h3>\n\n\n\n<p>C&rsquo;est une obligation pour toute personne qui encadre contre r\u00e9mun\u00e9ration, une activit\u00e9 loisir ou sportive 4X4, d\u2019\u00eatre titulaire de ce dipl\u00f4me (art.43 de la loi sur le sport du 06\/07\/00).<\/p>\n\n\n\n<p>Tous nos stages sont encadr\u00e9s par des moniteurs titulaire du BP JEPS<\/p>\n","protected":false},"excerpt":{"rendered":"<p>A TOUTES LES SOCIETES DU SECTEUR AUTOMOBILE &#8211; Constructeurs, pour le d\u00e9veloppement en avant projet de vos futur v\u00e9hicules Tout<\/p>\n","protected":false},"author":3,"featured_media":0,"parent":0,"menu_order":0,"comment_status":"closed","ping_status":"closed","template":"","meta":{"colormag_page_container_layout":"default_layout","colormag_page_sidebar_layout":"default_layout","footnotes":""},"class_list":["post-76","page","type-page","status-publish","hentry"],"_links":{"self":[{"href":"https:\/\/leader-aventure.com\/index.php\/wp-json\/wp\/v2\/pages\/76","targetHints":{"allow":["GET"]}}],"collection":[{"href":"https:\/\/leader-aventure.com\/index.php\/wp-json\/wp\/v2\/pages"}],"about":[{"href":"https:\/\/leader-aventure.com\/index.php\/wp-json\/wp\/v2\/types\/page"}],"author":[{"embeddable":true,"href":"https:\/\/leader-aventure.com\/index.php\/wp-json\/wp\/v2\/users\/3"}],"replies":[{"embeddable":true,"href":"https:\/\/leader-aventure.com\/index.php\/wp-json\/wp\/v2\/comments?post=76"}],"version-history":[{"count":1,"href":"https:\/\/leader-aventure.com\/index.php\/wp-json\/wp\/v2\/pages\/76\/revisions"}],"predecessor-version":[{"id":77,"href":"https:\/\/leader-aventure.com\/index.php\/wp-json\/wp\/v2\/pages\/76\/revisions\/77"}],"wp:attachment":[{"href":"https:\/\/leader-aventure.com\/index.php\/wp-json\/wp\/v2\/media?parent=76"}],"curies":[{"name":"wp","href":"https:\/\/api.w.org\/{rel}","templated":true}]}}