{"id":70,"date":"2021-04-10T15:45:10","date_gmt":"2021-04-10T13:45:10","guid":{"rendered":"http:\/\/leader-aventure.com\/?page_id=70"},"modified":"2021-04-10T15:45:10","modified_gmt":"2021-04-10T13:45:10","slug":"prestations-destinees-aux-entreprises","status":"publish","type":"page","link":"https:\/\/leader-aventure.com\/index.php\/prestations-destinees-aux-entreprises\/","title":{"rendered":"PRESTATIONS DESTINEES AUX ENTREPRISES"},"content":{"rendered":"\n<p>Leader Aventure vous propose des programmes sur mesure pour animer les parties r\u00e9cr\u00e9atives de vos s\u00e9minaires, conventions, \u00e9v\u00e8nements, challenges, mais aussi des raids et randonn\u00e9es 4&#215;4 et de la formation professionnelle&#8230;<\/p>\n\n\n\n<p>Vous pourrez ainsi favoriser la dynamique de groupe, r\u00e9compenser, souder et motiver vos \u00e9quipes, mieux conna\u00eetre vos collaborateurs interne issus des diff\u00e9rents services (communication, ressources humaines, direction g\u00e9n\u00e9rale, commercial, marketing &#8230;) .ou bien encore cr\u00e9er des liens avec vos clients privil\u00e9gi\u00e9s, avec des VIP ainsi que vos fournisseurs.<\/p>\n\n\n\n<p>Nous mettons donc \u00e0 votre disposition des produits de communication qui favorisent les valeurs humaines au sein de votre entreprise.<\/p>\n\n\n\n<p>Avec Leader Aventure changez de rythme, de vitesse et d&rsquo;environnement, avec comme objectif de vous surpasser dans un temps tr\u00e8s court et de changer radicalement le mouvement habituel de l&rsquo;entreprise.<\/p>\n\n\n\n<p>La prise de responsabilit\u00e9 ou de risque va r\u00e9v\u00e9ler la personnalit\u00e9 de chacun permettant aux \u00e9quipes de se connaitre autrement , de s&rsquo;associer, de s&rsquo;unir pour gagner ensemble.<\/p>\n\n\n\n<p>Dans ce cadre nous proposons un ensemble d&rsquo;activti\u00e9s:<\/p>\n\n\n\n<h3 class=\"wp-block-heading\">RAIDS et RANDONNEES en 4&#215;4<\/h3>\n\n\n\n<p>Pour r\u00e9aliser ces prestations nous vous demandons de nous contacter assez t\u00f4t avant la date de votre \u00e9v\u00e9nement, car aujourd&rsquo;hui nous sommes contraint de faire des rep\u00e9rages tr\u00e9s rigoureux et de demander des autorisations pour passer sur les chemins afin de r\u00e9ussir ces prestations en off road,<\/p>\n\n\n\n<p>Nous pouvons egalement vous proposer des sites priv\u00e9es pour d\u00e9couvir la randonn\u00e9e 4&#215;4, les capacit\u00e9s et les sensations que procure ces v\u00e9hicules tout terrain.<\/p>\n\n\n\n<h3 class=\"wp-block-heading\">STAGE de PILOTAGE (4&#215;4 et SUV)<\/h3>\n\n\n\n<p>La formation professionnelle aux volant de vos tout terrain que vous utilisez tous les jours sur vos chantiers ou d\u00e9placements avec des acc\u00e9s difficiles, en France ou \u00e0 l&rsquo;\u00e9tranger, vous souhaitez impliquer vos collaborateurs dans la bonne utilisation de vos tout terrain 4&#215;4 ou SUV, ensemble nous monterons le programme adapt\u00e9s \u00e0 vos besoins quotidiens<\/p>\n\n\n\n<p>Pour toutes les animations de S\u00e9minaires, Incentive, Team building, Challenge&#8230;.. consultez nous pour mettre en place votre projet<\/p>\n\n\n\n<h3 class=\"wp-block-heading\">RALLYE TOURISTIQUE en 4X4<\/h3>\n\n\n\n<p>Vous souhaitez faire un Rallye Touristique avec des 4&#215;4, sur une r\u00e9gion bien d\u00e9finie, nous mettrons tout en oeuvre pour r\u00e9aliser ce parcours avec des routes de campagne \u00e9troites et des chemins qui vous permettrons de passer un agr\u00e9able moment et de rallier le point stop.<\/p>\n\n\n\n<p>Le classement s&rsquo;effectueras sur les divers \u00e9l\u00e9ments raport\u00e9s par chaque \u00e9quipe.<\/p>\n\n\n\n<h3 class=\"wp-block-heading\">RANDONNEES en QUAD<\/h3>\n\n\n\n<p>Nous vous proposons de d\u00e9couvrir les sensations que l&rsquo;on \u00e9prouve, quand on pilote ces machines \u00e0 quatres roues en milieu naturel, au contact de la faune et de la flore et le site r\u00e9serv\u00e9 pour cette animation.<\/p>\n\n\n\n<h3 class=\"wp-block-heading\">TAUREAU RODEO<\/h3>\n\n\n\n<p>Vous \u00eates pr\u00eat \u00e0 relever le d\u00e9fi de rester le plus longtemps sur notre Taureau, eh bien soit, nous vous attendons pour vous faire vifre des moments intenses de rod\u00e9o.<\/p>\n\n\n\n<p>Ayez de bonne conditions physique un bon sens de l&rsquo;\u00e9quilibre et vous pourrez lutter contre ce taureau.<\/p>\n\n\n\n<p>Alors vous avez besoin de cette animation pour vos soir\u00e9es Western ou Country, que vous soyez une agence, une entreprise ou des particuliers, n&rsquo;h\u00e9sitez pas \u00e0 nous consulter.<\/p>\n\n\n\n<p>Encombrement: Structure gonflable d&rsquo;un diam\u00e9tre de 6m, alimentation 2 prises 220volt, largeur du b\u00e2ti 1m20, longueur 2m10, 1 pupitre de commandes et 2 soufleries.<\/p>\n\n\n\n<p>Gants fournie.<\/p>\n\n\n\n<h3 class=\"wp-block-heading\">TURBO FOOT<\/h3>\n\n\n\n<p>Vous \u00eates des passionn\u00e9s de Foot, alors organisons un Challenge Foot, au sein de votre entreprise ou sur votre lieu de s\u00e9minaire.<\/p>\n\n\n\n<p>Vous avez plus de 50m2 de surface disponible et abrit\u00e9 de la pluie, atelier en aucun cas mont\u00e9 en ext\u00e9rieur sans abri.<\/p>\n\n\n\n<h3 class=\"wp-block-heading\">TURBO TONNERRE<\/h3>\n\n\n\n<p>Vous aimez le sport automobile, les courses de Nascar comme sur les circuits ovale des USA, nous animerons un moment intense de pilotage et d&rsquo;endurance.<\/p>\n\n\n\n<p>Animation uniquement en int\u00e9rieur ou sous abri -surface 65m2<\/p>\n\n\n\n<h3 class=\"wp-block-heading\">SLOT RACING<\/h3>\n\n\n\n<p>Vous aimez les sensations fortes qui se d\u00e9gagent des courses de bolides et bien aujourd\u2019hui vous allez vous plonger dans ce milieu du sport m\u00e9canique. Vous allez \u00eatre confront\u00e9s \u00e0 une comp\u00e9tition de haut niveau, pilotage oblige.<\/p>\n\n\n\n<p>Montage uniquement en int\u00e9rieur avec une surface de 50m2<\/p>\n","protected":false},"excerpt":{"rendered":"<p>Leader Aventure vous propose des programmes sur mesure pour animer les parties r\u00e9cr\u00e9atives de vos s\u00e9minaires, conventions, \u00e9v\u00e8nements, challenges, mais<\/p>\n","protected":false},"author":3,"featured_media":0,"parent":0,"menu_order":0,"comment_status":"closed","ping_status":"closed","template":"","meta":{"colormag_page_container_layout":"default_layout","colormag_page_sidebar_layout":"default_layout","footnotes":""},"class_list":["post-70","page","type-page","status-publish","hentry"],"_links":{"self":[{"href":"https:\/\/leader-aventure.com\/index.php\/wp-json\/wp\/v2\/pages\/70","targetHints":{"allow":["GET"]}}],"collection":[{"href":"https:\/\/leader-aventure.com\/index.php\/wp-json\/wp\/v2\/pages"}],"about":[{"href":"https:\/\/leader-aventure.com\/index.php\/wp-json\/wp\/v2\/types\/page"}],"author":[{"embeddable":true,"href":"https:\/\/leader-aventure.com\/index.php\/wp-json\/wp\/v2\/users\/3"}],"replies":[{"embeddable":true,"href":"https:\/\/leader-aventure.com\/index.php\/wp-json\/wp\/v2\/comments?post=70"}],"version-history":[{"count":2,"href":"https:\/\/leader-aventure.com\/index.php\/wp-json\/wp\/v2\/pages\/70\/revisions"}],"predecessor-version":[{"id":72,"href":"https:\/\/leader-aventure.com\/index.php\/wp-json\/wp\/v2\/pages\/70\/revisions\/72"}],"wp:attachment":[{"href":"https:\/\/leader-aventure.com\/index.php\/wp-json\/wp\/v2\/media?parent=70"}],"curies":[{"name":"wp","href":"https:\/\/api.w.org\/{rel}","templated":true}]}}