{"id":426,"date":"2021-04-12T12:13:29","date_gmt":"2021-04-12T10:13:29","guid":{"rendered":"http:\/\/leader-aventure.com\/?page_id=426"},"modified":"2021-04-12T12:13:30","modified_gmt":"2021-04-12T10:13:30","slug":"mentions-legales","status":"publish","type":"page","link":"https:\/\/leader-aventure.com\/index.php\/mentions-legales\/","title":{"rendered":"Mentions l\u00e9gales"},"content":{"rendered":"\n<h2 class=\"wp-block-heading\">Leader Aventure\u00ae<\/h2>\n\n\n\n<p>8 rue estienne d&rsquo;orves &#8211; 94048 CRETEIL Cedex<\/p>\n\n\n\n<h2 class=\"wp-block-heading\">Directeur de la publication :<\/h2>\n\n\n\n<p>Leader aventure\u00ae<\/p>\n\n\n\n<h2 class=\"wp-block-heading\">Responsable de la R\u00e9daction :<\/h2>\n\n\n\n<p><a href=\"mailto:dablanc@leader-aventure.com\">dablanc@leader-aventure.com<\/a><\/p>\n\n\n\n<h2 class=\"wp-block-heading\">H\u00e9bergeur :<\/h2>\n\n\n\n<p>OVH SAS au capital de 500 k\u20ac RCS Roubaix &#8211; Tourcoing<br>424 761 419 00011 Code APE 721Z &#8211; N\u00b0 TVA : FR 22-424-761-419-00011<br>Si\u00e8ge social : 2 rue Kellermann 59100 Roubaix &#8211; France.<br>T\u00e9l : 08 203 203 63<\/p>\n\n\n\n<h2 class=\"wp-block-heading\">Webmaster :<\/h2>\n\n\n\n<p><a href=\"mailto:dablanc@leader-aventure.com\">dablanc@leader-aventure.com<\/a><\/p>\n\n\n\n<h2 class=\"wp-block-heading\">Conditions d&rsquo;utilisation<\/h2>\n\n\n\n<p>Ce site a \u00e9t\u00e9 cr\u00e9\u00e9 par Leader Aventure\u00ae et les informations regroup\u00e9es dans ce site sont uniquement destin\u00e9es \u00e0 une pr\u00e9sentation institutionnelle de Leader Aventure\u00ae qui se r\u00e9serve le droit de modifier le contenu du site \u00e0 tout moment et sans pr\u00e9avis et ne pourra \u00eatre tenue responsable des cons\u00e9quences de telles modifications.<\/p>\n\n\n\n<p>L&rsquo;acc\u00e8s et l&rsquo;utilisation de ce site sont soumis aux conditions suivantes ainsi qu&rsquo;aux dispositions l\u00e9gales en vigueur.<\/p>\n\n\n\n<p>En acc\u00e9dant au site, vous acceptez, sans limitation ni r\u00e9serves, ces conditions.<\/p>\n\n\n\n<h2 class=\"wp-block-heading\">Clause de non-responsabilit\u00e9<\/h2>\n\n\n\n<p>La responsabilit\u00e9 de Leader Aventure\u00ae ne peut, en aucune mani\u00e8re, \u00eatre engag\u00e9e quant au contenu des informations figurant sur ce site ou aux cons\u00e9quences pouvant r\u00e9sulter de leur utilisation ou interpr\u00e9tation.<\/p>\n\n\n\n<h2 class=\"wp-block-heading\">Propri\u00e9t\u00e9 intellectuelle<\/h2>\n\n\n\n<p>Le site de Leader avenutre\u00ae est une oeuvre de cr\u00e9ation, propri\u00e9t\u00e9 exclusive de Leader Aventure\u00ae , prot\u00e9g\u00e9 par la l\u00e9gislation fran\u00e7aise et internationale sur le droit de la propri\u00e9t\u00e9 intellectuelle.<\/p>\n\n\n\n<p>Aucune reproduction ou repr\u00e9sentation ne peut \u00eatre r\u00e9alis\u00e9e en contravention avec les droits de Leader aventure\u00ae issus de la l\u00e9gislation susvis\u00e9e.<\/p>\n\n\n\n<h2 class=\"wp-block-heading\">Protection des donn\u00e9es personnelles<\/h2>\n\n\n\n<p>Aucune information personnelle n&rsquo;est c\u00e9d\u00e9e \u00e0 des tiers.Conform\u00e9ment \u00e0 la loi n\u00b0 78_17 du 6 janvier 1978, relative \u00e0 l&rsquo;informatique, aux fichiers et au Libert\u00e9s (articles 38, 39, 40), vous disposez d&rsquo;un droit d&rsquo;acc\u00e8s, de rectification et de suppression des donn\u00e9es vous concernant, en ligne sur ce site. Pour exercer ce droit, vous pouvez vous adresser Leader Aventure\u00ae .<\/p>\n\n\n\n<h2 class=\"wp-block-heading\">Liens hypertextes<\/h2>\n\n\n\n<p>Il est express\u00e9ment rappel\u00e9 que Leader Aventure\u00ae n&rsquo;a aucun contr\u00f4le ni aucune responsabilit\u00e9 quant \u00e0 la cr\u00e9ation de liens vers des sites ext\u00e9rieurs \u00e0 Leader Aventure\u00ae et quant au contenu des dits sites. Aussi, vous acceptez que votre choix d&rsquo;acc\u00e9der \u00e0 un autre site, par l&rsquo;interm\u00e9diaire d&rsquo;un lien hypertexte, s&rsquo;effectue \u00e0 vos risques et p\u00e9rils. En cons\u00e9quence, tout pr\u00e9judice direct ou indirect r\u00e9sultant de votre acc\u00e8s \u00e0 un autre site reli\u00e9 par un lien hypertexte ne peut engager la responsabilit\u00e9 de Leader Aventure\u00ae .<\/p>\n\n\n\n<p>De fa\u00e7on g\u00e9n\u00e9rale, il vous appartient de prendre les pr\u00e9cautions n\u00e9cessaires pour vous assurer que le site que vous s\u00e9lectionnez n&rsquo;est pas infest\u00e9 de virus ou de tout autre parasite de nature destructive.<\/p>\n\n\n\n<p>En aucun cas, Leader Aventure\u00ae ne pourra \u00eatre tenu responsable des dommages directs ou indirects r\u00e9sultant de l&rsquo;usage de son site web ou d&rsquo;autres sites qui lui sont li\u00e9s.<\/p>\n","protected":false},"excerpt":{"rendered":"<p>Leader Aventure\u00ae 8 rue estienne d&rsquo;orves &#8211; 94048 CRETEIL Cedex Directeur de la publication : Leader aventure\u00ae Responsable de la<\/p>\n","protected":false},"author":3,"featured_media":0,"parent":0,"menu_order":0,"comment_status":"closed","ping_status":"closed","template":"","meta":{"colormag_page_container_layout":"default_layout","colormag_page_sidebar_layout":"default_layout","footnotes":""},"class_list":["post-426","page","type-page","status-publish","hentry"],"_links":{"self":[{"href":"https:\/\/leader-aventure.com\/index.php\/wp-json\/wp\/v2\/pages\/426","targetHints":{"allow":["GET"]}}],"collection":[{"href":"https:\/\/leader-aventure.com\/index.php\/wp-json\/wp\/v2\/pages"}],"about":[{"href":"https:\/\/leader-aventure.com\/index.php\/wp-json\/wp\/v2\/types\/page"}],"author":[{"embeddable":true,"href":"https:\/\/leader-aventure.com\/index.php\/wp-json\/wp\/v2\/users\/3"}],"replies":[{"embeddable":true,"href":"https:\/\/leader-aventure.com\/index.php\/wp-json\/wp\/v2\/comments?post=426"}],"version-history":[{"count":1,"href":"https:\/\/leader-aventure.com\/index.php\/wp-json\/wp\/v2\/pages\/426\/revisions"}],"predecessor-version":[{"id":427,"href":"https:\/\/leader-aventure.com\/index.php\/wp-json\/wp\/v2\/pages\/426\/revisions\/427"}],"wp:attachment":[{"href":"https:\/\/leader-aventure.com\/index.php\/wp-json\/wp\/v2\/media?parent=426"}],"curies":[{"name":"wp","href":"https:\/\/api.w.org\/{rel}","templated":true}]}}