{"id":15,"date":"2021-04-10T12:02:18","date_gmt":"2021-04-10T10:02:18","guid":{"rendered":"http:\/\/leader-aventure.com\/?page_id=15"},"modified":"2021-04-10T18:53:54","modified_gmt":"2021-04-10T16:53:54","slug":"layout","status":"publish","type":"page","link":"https:\/\/leader-aventure.com\/index.php\/layout\/","title":{"rendered":"Pr\u00e9sentation"},"content":{"rendered":"\n<h4 class=\"wp-block-heading\">Ecole de Pilotage 4&#215;4 et SUV<\/h4>\n\n\n\n<p>Leader Aventure propose des Stages pilotage 4&#215;4 &amp; SUV en France, au Maroc, au S\u00e9n\u00e9gal, des Formations Professionnelle, Pr\u00e9paration Raid F\u00e9minin, Stage Pilotage Sable, Randonn\u00e9es , Bapt\u00eames &amp; &nbsp;d\u00e9couvertes, mais aussi des stages de plusieurs niveaux, avec les v\u00e9hicules \u00e9cole ou votre v\u00e9hicule.<\/p>\n\n\n\n<p>Leader Aventure accueille les professionnels, les Groupes, Les C.E, les passionn\u00e9es, les novices et amateurs, sur plusieurs sites en France: IDF (78) , (91) , (95) &#8211; Champagne-Ardenne Troyes(10) &#8211; Midi Pyr\u00e9n\u00e9es Cahors (46) et ailleurs en France pour toutes les Formations PRO.<\/p>\n\n\n\n<p>Depuis plus de 16 ans on vous propose l&rsquo;\u00e9coute, l&rsquo;exp\u00e9rience, la qualit\u00e9, le s\u00e9rieux, pour organiser votre projet animation, Team Building, incentive, challenge, animations s\u00e9minaire, encadr\u00e9 par des moniteurs dipl\u00f4m\u00e9s BP JEPS.<\/p>\n\n\n\n<p>Nous vous invitons \u00e0 poursuivre votre visite, afin de prendre connaissance de nos activit\u00e9s et peut \u00eatre aurons nous la possibilit\u00e9 de nous rapprocher pour monter un projet qui correspondra le mieux \u00e0 votre demande.<\/p>\n\n\n\n<p>Ecole de Pilotage 4&#215;4 (Bapt\u00eames, D\u00e9couverte, Initiation &amp; Pilotage), Formation professionnelle, Pr\u00e9paration Raid F\u00e9minin, Stage Pilotage Sable, Randonn\u00e9es, D\u00e9veloppement avec les constructeurs d&rsquo;un nouveau projet, Lancement des nouveaux v\u00e9hicules 4&#215;4 &amp; SUV, Essais presse, D\u00e9monstrateur pour les constructeurs et les concessionnaires sur sites priv\u00e9s ou sur les salons.<\/p>\n\n\n\n<p>On vous propose des programmes sur mesure pour les entreprises avec de nombreuses formules \u00e0 disposition.<\/p>\n\n\n\n<p>Animation de vos journ\u00e9es ou demie journ\u00e9es ou Soir\u00e9es, S\u00e9minaires, Team Building, Incentive, Coh\u00e9sion de Groupe,&#8230; une mise en oeuvre sp\u00e9cifique et une adaptation tr\u00e8s fine au cahier des charges afin de personnaliser vos animations.<\/p>\n\n\n\n<p>LEADER AVENTURE n&rsquo;oublie pas pour autant les PARTICULIERS qui peuvent nous r\u00e9server des ANIMATIONS pour les Ev\u00e9nements de Famille participer \u00e0 nombre de nos activit\u00e9s, nous vous invitons \u00e0 consulter nos pages \u00ab\u00a0Animations Particuliers\u00a0\u00bb.<\/p>\n\n\n\n<div class=\"wp-block-buttons is-layout-flex wp-block-buttons-is-layout-flex\">\n<div class=\"wp-block-button\"><a class=\"wp-block-button__link has-white-color has-luminous-vivid-orange-background-color has-text-color has-background\" href=\"https:\/\/leader-aventure.com\/index.php\/contact\/\" rel=\"https:\/\/leader-aventure.com\/index.php\/contact\/\">Prenons contact<\/a><\/div>\n<\/div>\n\n\n\n<p><\/p>\n","protected":false},"excerpt":{"rendered":"<p>Ecole de Pilotage 4&#215;4 et SUV Leader Aventure propose des Stages pilotage 4&#215;4 &amp; SUV en France, au Maroc, au<\/p>\n","protected":false},"author":3,"featured_media":0,"parent":0,"menu_order":0,"comment_status":"closed","ping_status":"closed","template":"","meta":{"colormag_page_container_layout":"default_layout","colormag_page_sidebar_layout":"default_layout","footnotes":""},"class_list":["post-15","page","type-page","status-publish","hentry"],"_links":{"self":[{"href":"https:\/\/leader-aventure.com\/index.php\/wp-json\/wp\/v2\/pages\/15","targetHints":{"allow":["GET"]}}],"collection":[{"href":"https:\/\/leader-aventure.com\/index.php\/wp-json\/wp\/v2\/pages"}],"about":[{"href":"https:\/\/leader-aventure.com\/index.php\/wp-json\/wp\/v2\/types\/page"}],"author":[{"embeddable":true,"href":"https:\/\/leader-aventure.com\/index.php\/wp-json\/wp\/v2\/users\/3"}],"replies":[{"embeddable":true,"href":"https:\/\/leader-aventure.com\/index.php\/wp-json\/wp\/v2\/comments?post=15"}],"version-history":[{"count":4,"href":"https:\/\/leader-aventure.com\/index.php\/wp-json\/wp\/v2\/pages\/15\/revisions"}],"predecessor-version":[{"id":92,"href":"https:\/\/leader-aventure.com\/index.php\/wp-json\/wp\/v2\/pages\/15\/revisions\/92"}],"wp:attachment":[{"href":"https:\/\/leader-aventure.com\/index.php\/wp-json\/wp\/v2\/media?parent=15"}],"curies":[{"name":"wp","href":"https:\/\/api.w.org\/{rel}","templated":true}]}}